{"id":23362,"date":"2024-10-04T11:43:51","date_gmt":"2024-10-04T11:43:51","guid":{"rendered":"https:\/\/shop.agricortes.com\/catalogos\/"},"modified":"2024-11-27T14:28:39","modified_gmt":"2024-11-27T14:28:39","slug":"catalogs","status":"publish","type":"page","link":"https:\/\/shop.agricortes.com\/en\/catalogs\/","title":{"rendered":"Catalogs"},"content":{"rendered":"<div class=\"wpb-content-wrapper\"><p>[vc_row css=&#8221;.vc_custom_1728048885312{padding-top: 60px !important;padding-bottom: 60px !important;}&#8221;][vc_column width=&#8221;1\/6&#8243; offset=&#8221;vc_col-lg-3 vc_col-md-4 vc_col-xs-12&#8243;][vc_single_image image=&#8221;18900&#8243; img_size=&#8221;400&#215;565&#8243; alignment=&#8221;center&#8221; onclick=&#8221;custom_link&#8221; img_link_target=&#8221;_blank&#8221; css_animation=&#8221;none&#8221; css=&#8221;&#8221; link=&#8221;https:\/\/shop.agricortes.com\/wp-content\/uploads\/2024\/10\/CarraroOil_lubrificantes.pdf&#8221;][vc_custom_heading text=&#8221;Carraro &#8211; Lubrificantes de Elevado Desempenho&#8221; font_container=&#8221;tag:h4|text_align:center|color:%23A32035&#8243; use_theme_fonts=&#8221;yes&#8221; css=&#8221;&#8221; link=&#8221;url:https%3A%2F%2Fshop.agricortes.com%2Fwp-content%2Fuploads%2F2024%2F10%2FCarraroOil_lubrificantes.pdf|target:_blank&#8221;][\/vc_column][vc_column width=&#8221;1\/6&#8243; offset=&#8221;vc_col-lg-3 vc_col-md-4 vc_col-xs-12&#8243;][vc_single_image image=&#8221;22514&#8243; img_size=&#8221;400&#215;565&#8243; alignment=&#8221;center&#8221; onclick=&#8221;custom_link&#8221; img_link_target=&#8221;_blank&#8221; css_animation=&#8221;none&#8221; css=&#8221;&#8221; link=&#8221;https:\/\/shop.agricortes.com\/wp-content\/uploads\/2024\/11\/Carraro_Agriculture.pdf&#8221;][vc_custom_heading text=&#8221;Carraro &#8211; Eixos e Transmiss\u00f5es &#8211; Agricultura&#8221; font_container=&#8221;tag:h4|text_align:center|color:%23A32035&#8243; use_theme_fonts=&#8221;yes&#8221; css=&#8221;&#8221; link=&#8221;url:https%3A%2F%2Fshop.agricortes.com%2Fwp-content%2Fuploads%2F2024%2F11%2FCarraro_Agriculture.pdf|target:_blank&#8221;][\/vc_column][vc_column width=&#8221;1\/6&#8243; offset=&#8221;vc_col-lg-3 vc_col-md-4 vc_col-xs-12&#8243;][vc_single_image image=&#8221;22519&#8243; img_size=&#8221;400&#215;565&#8243; alignment=&#8221;center&#8221; onclick=&#8221;custom_link&#8221; img_link_target=&#8221;_blank&#8221; css_animation=&#8221;none&#8221; css=&#8221;&#8221; link=&#8221;https:\/\/shop.agricortes.com\/wp-content\/uploads\/2024\/11\/Carraro_Construction_Equipment.pdf&#8221;][vc_custom_heading text=&#8221;Carraro &#8211; Eixos e Transmiss\u00f5es &#8211; Constru\u00e7\u00e3o&#8221; font_container=&#8221;tag:h4|text_align:center|color:%23A32035&#8243; use_theme_fonts=&#8221;yes&#8221; css=&#8221;&#8221; link=&#8221;url:https%3A%2F%2Fshop.agricortes.com%2Fwp-content%2Fuploads%2F2024%2F11%2FCarraro_Construction_Equipment.pdf|target:_blank&#8221;][\/vc_column][vc_column width=&#8221;1\/6&#8243; offset=&#8221;vc_col-lg-3 vc_col-md-4 vc_col-xs-12&#8243;][vc_single_image image=&#8221;22526&#8243; img_size=&#8221;400&#215;565&#8243; alignment=&#8221;center&#8221; onclick=&#8221;custom_link&#8221; img_link_target=&#8221;_blank&#8221; css_animation=&#8221;none&#8221; css=&#8221;&#8221; link=&#8221;https:\/\/shop.agricortes.com\/wp-content\/uploads\/2024\/11\/Carraro_Material_Handling.pdf&#8221;][vc_custom_heading text=&#8221;Carraro &#8211; Eixos e Transmiss\u00f5es &#8211; Logistica&#8221; font_container=&#8221;tag:h4|text_align:center|color:%23A32035&#8243; use_theme_fonts=&#8221;yes&#8221; css=&#8221;&#8221; link=&#8221;url:https%3A%2F%2Fshop.agricortes.com%2Fwp-content%2Fuploads%2F2024%2F11%2FCarraro_Material_Handling.pdf|target:_blank&#8221;][\/vc_column][vc_column width=&#8221;1\/6&#8243;][\/vc_column][vc_column width=&#8221;1\/6&#8243;][\/vc_column][\/vc_row]<\/p>\n<\/div>","protected":false},"excerpt":{"rendered":"<p>[vc_row css=&#8221;.vc_custom_1728048885312{padding-top: 60px !important;padding-bottom: 60px !important;}&#8221;][vc_column width=&#8221;1\/6&#8243; offset=&#8221;vc_col-lg-3 vc_col-md-4 vc_col-xs-12&#8243;][vc_single_image image=&#8221;18900&#8243; img_size=&#8221;400&#215;565&#8243; alignment=&#8221;center&#8221; onclick=&#8221;custom_link&#8221; img_link_target=&#8221;_blank&#8221; css_animation=&#8221;none&#8221; css=&#8221;&#8221; link=&#8221;https:\/\/shop.agricortes.com\/wp-content\/uploads\/2024\/10\/CarraroOil_lubrificantes.pdf&#8221;][vc_custom_heading text=&#8221;Carraro &#8211; Lubrificantes de Elevado Desempenho&#8221; font_container=&#8221;tag:h4|text_align:center|color:%23A32035&#8243; use_theme_fonts=&#8221;yes&#8221; css=&#8221;&#8221; link=&#8221;url:https%3A%2F%2Fshop.agricortes.com%2Fwp-content%2Fuploads%2F2024%2F10%2FCarraroOil_lubrificantes.pdf|target:_blank&#8221;][\/vc_column][vc_column width=&#8221;1\/6&#8243; offset=&#8221;vc_col-lg-3<\/p>\n","protected":false},"author":2,"featured_media":0,"parent":0,"menu_order":0,"comment_status":"closed","ping_status":"closed","template":"","meta":{"_acf_changed":false,"footnotes":""},"class_list":["post-23362","page","type-page","status-publish","hentry"],"acf":[],"aioseo_notices":[],"_links":{"self":[{"href":"https:\/\/shop.agricortes.com\/en\/wp-json\/wp\/v2\/pages\/23362","targetHints":{"allow":["GET"]}}],"collection":[{"href":"https:\/\/shop.agricortes.com\/en\/wp-json\/wp\/v2\/pages"}],"about":[{"href":"https:\/\/shop.agricortes.com\/en\/wp-json\/wp\/v2\/types\/page"}],"author":[{"embeddable":true,"href":"https:\/\/shop.agricortes.com\/en\/wp-json\/wp\/v2\/users\/2"}],"replies":[{"embeddable":true,"href":"https:\/\/shop.agricortes.com\/en\/wp-json\/wp\/v2\/comments?post=23362"}],"version-history":[{"count":0,"href":"https:\/\/shop.agricortes.com\/en\/wp-json\/wp\/v2\/pages\/23362\/revisions"}],"wp:attachment":[{"href":"https:\/\/shop.agricortes.com\/en\/wp-json\/wp\/v2\/media?parent=23362"}],"curies":[{"name":"wp","href":"https:\/\/api.w.org\/{rel}","templated":true}]}}